{"id":212,"date":"2017-01-13T21:33:48","date_gmt":"2017-01-13T20:33:48","guid":{"rendered":"http:\/\/www.hotel-national.de\/?page_id=212\/"},"modified":"2022-02-20T21:32:44","modified_gmt":"2022-02-20T20:32:44","slug":"norbaert-national","status":"publish","type":"page","link":"https:\/\/www.hotel-national.de\/en\/hotel-dusseldorf\/norbaert-national\/","title":{"rendered":"Norbaert National"},"content":{"rendered":"<h2><strong><a href=\"https:\/\/www.hotel-national.de\/wp-content\/uploads\/norbart1.jpg\"><img loading=\"lazy\" decoding=\"async\" class=\"alignright size-thumbnail wp-image-443\" src=\"https:\/\/www.hotel-national.de\/wp-content\/uploads\/norbart1-150x150.jpg\" alt=\"\" width=\"150\" height=\"150\" srcset=\"https:\/\/www.hotel-national.de\/wp-content\/uploads\/norbart1-150x150.jpg 150w, https:\/\/www.hotel-national.de\/wp-content\/uploads\/norbart1-400x400.jpg 400w\" sizes=\"auto, (max-width: 150px) 100vw, 150px\" \/><\/a><\/strong>Hotel\u00a0Manager\u00a0Norbaert National<\/h2>\n<p>&#8230; for you on tour!<\/p>\n<p>Since he started working at Hotel National in February 2013, our hotel manager Norb\u00e4rt National made it his business, to show D\u00fcsseldorf\u00b4s sights to our guests. He also visits and controls our suppliers. You can trust his recommendations!<\/p>\n<h2><strong><a href=\"https:\/\/www.hotel-national.de\/wp-content\/uploads\/norbart2.jpg\"><img loading=\"lazy\" decoding=\"async\" class=\"alignright size-thumbnail wp-image-444\" src=\"https:\/\/www.hotel-national.de\/wp-content\/uploads\/norbart2-150x150.jpg\" alt=\"\" width=\"150\" height=\"150\" srcset=\"https:\/\/www.hotel-national.de\/wp-content\/uploads\/norbart2-150x150.jpg 150w, https:\/\/www.hotel-national.de\/wp-content\/uploads\/norbart2-400x400.jpg 400w\" sizes=\"auto, (max-width: 150px) 100vw, 150px\" \/><\/a><\/strong>City-Tour\u00a0with the Hotel Manager<\/h2>\n<p>Our Norb\u00e4rt National shows D\u00fcsseldorf\u2019s best sights and what you should not miss during your stay.<\/p>\n<p>You want to take a guided tour yourself? Buy the tickets directly in our hotel!\u00a0The 1.5 hour bus tour shows interesting places around and in the center of the metropolis on the Rhine. You could also book the \u201cHopOn-HopOff\u201d-concept for your bus tour that allows you to get on and off the bus on every stopping point you like. Discover the sights of D\u00fcsseldorf in the pace you prefer!<\/p>\n<h2><a href=\"https:\/\/www.hotel-national.de\/wp-content\/uploads\/norbart3.jpg\"><img loading=\"lazy\" decoding=\"async\" class=\"alignright size-thumbnail wp-image-445\" src=\"https:\/\/www.hotel-national.de\/wp-content\/uploads\/norbart3-150x150.jpg\" alt=\"\" width=\"150\" height=\"150\" srcset=\"https:\/\/www.hotel-national.de\/wp-content\/uploads\/norbart3-150x150.jpg 150w, https:\/\/www.hotel-national.de\/wp-content\/uploads\/norbart3-400x400.jpg 400w\" sizes=\"auto, (max-width: 150px) 100vw, 150px\" \/><\/a>Old Town<\/h2>\n<p>The old town of D\u00fcsseldorf is a popular excursion destination. Whether you prefer a relaxed dinner, shopping or a night in clubs and bars \u2013 there is something for everyone.<\/p>\n<p>Discover the longest bar in the world!\u00a0Numerous bars, caf\u00e9s, breweries, clubs and boutiques can be found in the small alleys of the Old Town as well as the Burgplatz (castle square) with the castle tower and the beautiful riverside of the Rhine.<\/p>\n<h2><a href=\"https:\/\/www.hotel-national.de\/wp-content\/uploads\/norbart4.jpg\"><img loading=\"lazy\" decoding=\"async\" class=\"alignright size-thumbnail wp-image-446\" src=\"https:\/\/www.hotel-national.de\/wp-content\/uploads\/norbart4-150x150.jpg\" alt=\"\" width=\"150\" height=\"150\" srcset=\"https:\/\/www.hotel-national.de\/wp-content\/uploads\/norbart4-150x150.jpg 150w, https:\/\/www.hotel-national.de\/wp-content\/uploads\/norbart4-400x400.jpg 400w\" sizes=\"auto, (max-width: 150px) 100vw, 150px\" \/><\/a>Craft breweries<\/h2>\n<p>Complete you visit of D\u00fcsseldorf\u00b4s old town with the local \u201cAlt\u201d-beer from one of the five craft breweries located there.<\/p>\n<p>Apart from the \u201cUerige\u201d-brewery, there are the traditional houses \u201cSchumacher\u201d, \u201cSchl\u00fcssel\u201d, \u201cF\u00fcchschen\u201d and modern \u201cK\u00fcrzer\u201d. We recommend to learn about the different tastes of the \u201cAlt\u201d-beer during the \u201cAlt\u201d-beer safari! Tickets are available at out hotel.<\/p>\n<h2><a href=\"https:\/\/www.hotel-national.de\/wp-content\/uploads\/norbart5.jpg\"><img loading=\"lazy\" decoding=\"async\" class=\"alignright size-thumbnail wp-image-447\" src=\"https:\/\/www.hotel-national.de\/wp-content\/uploads\/norbart5-150x150.jpg\" alt=\"\" width=\"150\" height=\"150\" srcset=\"https:\/\/www.hotel-national.de\/wp-content\/uploads\/norbart5-150x150.jpg 150w, https:\/\/www.hotel-national.de\/wp-content\/uploads\/norbart5-400x400.jpg 400w\" sizes=\"auto, (max-width: 150px) 100vw, 150px\" \/><\/a>Konigsallee<\/h2>\n<p>The worldwide known \u201cK\u00f6\u201d is another highlight you should have experienced in D\u00fcsseldorf. Have a look at the luxurious shops with jewelry, clothes and accessories and enjoy a walk along the small river \u201cD\u00fcssel\u201d. Maybe you meet Norb\u00e4rt National \ud83d\ude09<\/p>\n<p>The beautiful K\u00f6nigsallee is D\u00fcsseldorf&#8217;s shopping paradise. Here you find luxury, fashion, lifestyle, design and many different people walking along the way between the river \u201cD\u00fcssel\u201d and shop windows.<\/p>\n<p><a href=\"https:\/\/www.hotel-national.de\/wp-content\/uploads\/norbart6.jpg\"><img loading=\"lazy\" decoding=\"async\" class=\"alignright wp-image-448 size-thumbnail\" src=\"https:\/\/www.hotel-national.de\/wp-content\/uploads\/norbart6-150x150.jpg\" width=\"150\" height=\"150\" srcset=\"https:\/\/www.hotel-national.de\/wp-content\/uploads\/norbart6-150x150.jpg 150w, https:\/\/www.hotel-national.de\/wp-content\/uploads\/norbart6-400x400.jpg 400w\" sizes=\"auto, (max-width: 150px) 100vw, 150px\" \/><\/a><\/p>\n<h2>Media Harbour<\/h2>\n<p>The Media harbor (Medienhafen) is definitely worth a visit. You could just walk along the river, see the \u201cLandtag\u201c or have a look at D\u00fcsseldorf from the top of the Rhine tower.<\/p>\n<p>D\u00fcsseldorf\u2019s Medienhafen is a mix of modern architecture and the flair of the old trade port. Especially photographers should not miss this exciting scenery. Furthermore, there are located some very good restaurants and nightlife locations.<\/p>\n<h2><a href=\"https:\/\/www.hotel-national.de\/wp-content\/uploads\/norbart7.jpg\"><img loading=\"lazy\" decoding=\"async\" class=\"alignright size-thumbnail wp-image-449\" src=\"https:\/\/www.hotel-national.de\/wp-content\/uploads\/norbart7-150x150.jpg\" alt=\"\" width=\"150\" height=\"150\" \/><\/a>Rhein Tower<\/h2>\n<p>From the top of the Rhine Tower you have a beautiful view over the Medienhafen and the rest of D\u00fcsseldorf.\u00a0The Rhine Tower \u2013 actually broadcasting \u2013 is one of D\u00fcsseldorf\u00b4s landmarks. This highest building of the city is more than 240 meters high. The tower was built between 1978 and 1982. On one side of the Tower, there is something special you can see from the old town\u2019s side: The biggest digital clock in the world. At a height of 172.5 meters, there is a restaurant and on the viewing level (168 meters), there is the Bar &amp; Lounge M168.\u00a0Tickets for the tower are available at out hotel.<\/p>\n<h2><a href=\"https:\/\/www.hotel-national.de\/wp-content\/uploads\/norbart8.jpg\"><img loading=\"lazy\" decoding=\"async\" class=\"alignright size-thumbnail wp-image-450\" src=\"https:\/\/www.hotel-national.de\/wp-content\/uploads\/norbart8-150x150.jpg\" alt=\"\" width=\"150\" height=\"150\" srcset=\"https:\/\/www.hotel-national.de\/wp-content\/uploads\/norbart8-150x150.jpg 150w, https:\/\/www.hotel-national.de\/wp-content\/uploads\/norbart8-400x400.jpg 400w\" sizes=\"auto, (max-width: 150px) 100vw, 150px\" \/><\/a>Aquazoo<\/h2>\n<p>D\u00fcsseldorf does not have a normal zoo but an aqua zoo! There is a lot to discover \u2013 under water and on the border of water and land. One of hotel manager Norb\u00e4rt\u2019s favorite places!<\/p>\n<p>Aquazoo L\u00f6bbecke Museum D\u00fcsseldorf<br \/>\n<a href=\"https:\/\/maps.google.com\/?q=Kaiserswerther Str. 380, 40474 D\u00fcsseldorf\" target=\"_blank\" rel=\"noopener\">Kaiserswerther Str. 380 im Nordpark, 40474 D\u00fcsseldorf<br \/>\n<\/a>Opening hours:\u00a0Daily from 10am to 6pm\u00a0(except January 1st, Carnival Monday, May 1st, December 24th\/25th\/31st)<\/p>\n<h2><a href=\"https:\/\/www.hotel-national.de\/wp-content\/uploads\/norbart9.jpg\"><img loading=\"lazy\" decoding=\"async\" class=\"alignright size-thumbnail wp-image-451\" src=\"https:\/\/www.hotel-national.de\/wp-content\/uploads\/norbart9-150x150.jpg\" alt=\"\" width=\"150\" height=\"150\" srcset=\"https:\/\/www.hotel-national.de\/wp-content\/uploads\/norbart9-150x150.jpg 150w, https:\/\/www.hotel-national.de\/wp-content\/uploads\/norbart9-400x400.jpg 400w\" sizes=\"auto, (max-width: 150px) 100vw, 150px\" \/><\/a>Palace Benrath<\/h2>\n<p>Not right in the center of D\u00fcsseldorf, but worth a visit \u2013 the palace of D\u00fcsseldorf Benrath with its beautiful park.<\/p>\n<p>The palace is located in the southern part of the city:<br \/>\n<a href=\"https:\/\/maps.google.com\/?q=Benrather Schlo\u00dfallee 100-106, 40597 D\u00fcsseldorf\" target=\"_blank\" rel=\"noopener\">Benrather Schlo\u00dfallee 100-106, 40597 D\u00fcsseldorf<\/a><\/p>\n<h2><a href=\"https:\/\/www.hotel-national.de\/wp-content\/uploads\/norbart10.jpg\"><img loading=\"lazy\" decoding=\"async\" class=\"alignright size-thumbnail wp-image-452\" src=\"https:\/\/www.hotel-national.de\/wp-content\/uploads\/norbart10-150x150.jpg\" alt=\"\" width=\"150\" height=\"150\" srcset=\"https:\/\/www.hotel-national.de\/wp-content\/uploads\/norbart10-150x150.jpg 150w, https:\/\/www.hotel-national.de\/wp-content\/uploads\/norbart10-400x400.jpg 400w\" sizes=\"auto, (max-width: 150px) 100vw, 150px\" \/><\/a>Christmas Market<\/h2>\n<p>At Christmas time, the center of D\u00fcsseldorf is especially beautiful. Hotel manager Norb\u00e4rt could spend hours telling you about Christmas scents, winterly atmosphere, dainties, gl\u00fchwein and flaming fire tongs punch.<\/p>\n<p>Have a look at our Arrangements especially for the time of Christmas market.<\/p>\n<h2>Quality tester\u00a0Norbaert National<a href=\"https:\/\/www.hotel-national.de\/wp-content\/uploads\/norbart11.jpg\"><img loading=\"lazy\" decoding=\"async\" class=\"alignright size-thumbnail wp-image-453\" src=\"https:\/\/www.hotel-national.de\/wp-content\/uploads\/norbart11-150x150.jpg\" alt=\"\" width=\"150\" height=\"150\" srcset=\"https:\/\/www.hotel-national.de\/wp-content\/uploads\/norbart11-150x150.jpg 150w, https:\/\/www.hotel-national.de\/wp-content\/uploads\/norbart11-400x400.jpg 400w\" sizes=\"auto, (max-width: 150px) 100vw, 150px\" \/><\/a><\/h2>\n<p>Most important for our hotel manager is the right quality.<\/p>\n<p>In order to make sure the service meets all requirements, he starts by\u00a0checking the hotel itself.<\/p>\n<p>Therefore he tests for example the sauna.<\/p>\n<h2>Breakfast<a href=\"https:\/\/www.hotel-national.de\/wp-content\/uploads\/norbart12.jpg\"><img loading=\"lazy\" decoding=\"async\" class=\"alignright size-thumbnail wp-image-454\" src=\"https:\/\/www.hotel-national.de\/wp-content\/uploads\/norbart12-150x150.jpg\" alt=\"\" width=\"150\" height=\"150\" srcset=\"https:\/\/www.hotel-national.de\/wp-content\/uploads\/norbart12-150x150.jpg 150w, https:\/\/www.hotel-national.de\/wp-content\/uploads\/norbart12-400x400.jpg 400w\" sizes=\"auto, (max-width: 150px) 100vw, 150px\" \/><\/a><\/h2>\n<p>Our breakfast buffet it what out hotel manager has a close look at. And if needed, he helps as chef de cuisine himself.<\/p>\n<p>The quality of our goods is also very important to Norb\u00e4rt National. Therefore he checks personally what is used for example for our breakfast buffet. Among other things he visits the central market.<\/p>\n<h2><a href=\"https:\/\/www.hotel-national.de\/wp-content\/uploads\/norbart13.jpg\"><img loading=\"lazy\" decoding=\"async\" class=\"alignright size-thumbnail wp-image-455\" src=\"https:\/\/www.hotel-national.de\/wp-content\/uploads\/norbart13-150x150.jpg\" alt=\"\" width=\"150\" height=\"150\" srcset=\"https:\/\/www.hotel-national.de\/wp-content\/uploads\/norbart13-150x150.jpg 150w, https:\/\/www.hotel-national.de\/wp-content\/uploads\/norbart13-400x400.jpg 400w\" sizes=\"auto, (max-width: 150px) 100vw, 150px\" \/><\/a>Home-made marmelade<\/h2>\n<p>Of course he also checks the quality of fruits used for our homemade marmalades.<\/p>\n<p>Nothing good comes for free: Norb\u00e4rt even has to climb the vineyards along the river Mosel.<\/p>\n","protected":false},"excerpt":{"rendered":"<p>Hotel\u00a0Manager\u00a0Norbaert National &#8230; for you on tour! Since he started working at Hotel National in February 2013, our hotel manager Norb\u00e4rt National made it his business, to show D\u00fcsseldorf\u00b4s sights to our guests. He also visits and controls our suppliers. You can trust his recommendations! City-Tour\u00a0with the Hotel Manager Our Norb\u00e4rt National shows D\u00fcsseldorf\u2019s best&#8230; <\/p>\n<div class=\"clear\"><\/div>\n<p><a href=\"https:\/\/www.hotel-national.de\/en\/hotel-dusseldorf\/norbaert-national\/\" class=\"excerpt-read-more\">Continue Reading<i class=\"fa fa-long-arrow-right icon-long-arrow-right\"><\/i><\/a><\/p>\n","protected":false},"author":1,"featured_media":0,"parent":59,"menu_order":3,"comment_status":"closed","ping_status":"closed","template":"","meta":{"footnotes":""},"class_list":["post-212","page","type-page","status-publish","hentry"],"_links":{"self":[{"href":"https:\/\/www.hotel-national.de\/en\/wp-json\/wp\/v2\/pages\/212","targetHints":{"allow":["GET"]}}],"collection":[{"href":"https:\/\/www.hotel-national.de\/en\/wp-json\/wp\/v2\/pages"}],"about":[{"href":"https:\/\/www.hotel-national.de\/en\/wp-json\/wp\/v2\/types\/page"}],"author":[{"embeddable":true,"href":"https:\/\/www.hotel-national.de\/en\/wp-json\/wp\/v2\/users\/1"}],"replies":[{"embeddable":true,"href":"https:\/\/www.hotel-national.de\/en\/wp-json\/wp\/v2\/comments?post=212"}],"version-history":[{"count":8,"href":"https:\/\/www.hotel-national.de\/en\/wp-json\/wp\/v2\/pages\/212\/revisions"}],"predecessor-version":[{"id":1300,"href":"https:\/\/www.hotel-national.de\/en\/wp-json\/wp\/v2\/pages\/212\/revisions\/1300"}],"up":[{"embeddable":true,"href":"https:\/\/www.hotel-national.de\/en\/wp-json\/wp\/v2\/pages\/59"}],"wp:attachment":[{"href":"https:\/\/www.hotel-national.de\/en\/wp-json\/wp\/v2\/media?parent=212"}],"curies":[{"name":"wp","href":"https:\/\/api.w.org\/{rel}","templated":true}]}}